{"id":190,"date":"2025-06-27T14:34:52","date_gmt":"2025-06-27T12:34:52","guid":{"rendered":"https:\/\/djcasso.hu\/?page_id=190"},"modified":"2026-01-20T19:54:02","modified_gmt":"2026-01-20T18:54:02","slug":"ahol-rendszeresen-megtalalsz","status":"publish","type":"page","link":"https:\/\/djcasso.hu\/?page_id=190","title":{"rendered":"Ahol rendszeresen megtal\u00e1lsz&#8230;"},"content":{"rendered":"\n<p><br><\/p>\n\n\n<div class=\"wp-block-image\">\n<figure class=\"aligncenter size-large is-resized\"><img loading=\"lazy\" decoding=\"async\" width=\"1024\" height=\"1024\" src=\"https:\/\/djcasso.hu\/wp-content\/uploads\/2025\/06\/egszinkek-1024x1024.jpg\" alt=\"\" class=\"wp-image-191\" style=\"width:160px;height:auto\" srcset=\"https:\/\/djcasso.hu\/wp-content\/uploads\/2025\/06\/egszinkek-1024x1024.jpg 1024w, https:\/\/djcasso.hu\/wp-content\/uploads\/2025\/06\/egszinkek-300x300.jpg 300w, https:\/\/djcasso.hu\/wp-content\/uploads\/2025\/06\/egszinkek-150x150.jpg 150w, https:\/\/djcasso.hu\/wp-content\/uploads\/2025\/06\/egszinkek-768x768.jpg 768w, https:\/\/djcasso.hu\/wp-content\/uploads\/2025\/06\/egszinkek-1536x1536.jpg 1536w, https:\/\/djcasso.hu\/wp-content\/uploads\/2025\/06\/egszinkek.jpg 2000w\" sizes=\"auto, (max-width: 1024px) 100vw, 1024px\" \/><figcaption class=\"wp-element-caption\">\u00c9gsz\u00ednk\u00e9k <br>B\u00e1r \u00e9s specialty k\u00e1v\u00e9z\u00f3<br>Balatonf\u00fcred<\/figcaption><\/figure>\n<\/div>\n\n<div class=\"wp-block-image\">\n<figure class=\"aligncenter size-full is-resized\"><img loading=\"lazy\" decoding=\"async\" width=\"200\" height=\"200\" src=\"https:\/\/djcasso.hu\/wp-content\/uploads\/2025\/06\/aura.png\" alt=\"\" class=\"wp-image-192\" style=\"width:152px;height:auto\" srcset=\"https:\/\/djcasso.hu\/wp-content\/uploads\/2025\/06\/aura.png 200w, https:\/\/djcasso.hu\/wp-content\/uploads\/2025\/06\/aura-150x150.png 150w\" sizes=\"auto, (max-width: 200px) 100vw, 200px\" \/><figcaption class=\"wp-element-caption\">Aura Hotel Balatonf\u00fcred<\/figcaption><\/figure>\n<\/div>\n\n<div class=\"wp-block-image\">\n<figure class=\"aligncenter size-large is-resized\"><img loading=\"lazy\" decoding=\"async\" width=\"1024\" height=\"1024\" src=\"https:\/\/djcasso.hu\/wp-content\/uploads\/2025\/06\/skorpio-1024x1024.jpg\" alt=\"\" class=\"wp-image-194\" style=\"width:149px;height:auto\" srcset=\"https:\/\/djcasso.hu\/wp-content\/uploads\/2025\/06\/skorpio-1024x1024.jpg 1024w, https:\/\/djcasso.hu\/wp-content\/uploads\/2025\/06\/skorpio-300x300.jpg 300w, https:\/\/djcasso.hu\/wp-content\/uploads\/2025\/06\/skorpio-150x150.jpg 150w, https:\/\/djcasso.hu\/wp-content\/uploads\/2025\/06\/skorpio-768x768.jpg 768w, https:\/\/djcasso.hu\/wp-content\/uploads\/2025\/06\/skorpio.jpg 1445w\" sizes=\"auto, (max-width: 1024px) 100vw, 1024px\" \/><figcaption class=\"wp-element-caption\">Skorpio Irish Pub Veszpr\u00e9m<\/figcaption><\/figure>\n<\/div>\n\n\n<p><br>Hol voltam eddig:<br>A teljess\u00e9g ig\u00e9nye n\u00e9lk\u00fcl. Megannyi c\u00e9ges rendezv\u00e9ny, csal\u00e1di, bar\u00e1ti \u00f6sszej\u00f6vetelek,sz\u00fclet\u00e9snapok, esk\u00fcv\u0151k.<\/p>\n\n\n\n<figure class=\"wp-block-table\"><table class=\"has-fixed-layout\"><thead><tr><th>\u00c9vsz\u00e1m(ok)<\/th><th>Klub, rendezv\u00e9ny, stb. neve<\/th><th>Telep\u00fcl\u00e9s<\/th><\/tr><\/thead><tbody><tr><td>2025-2026<\/td><td>Balatonf\u00fcred J\u00e9gp\u00e1lya<\/td><td>Balatonf\u00fcred<\/td><\/tr><tr><td>2024-2026<\/td><td>Skorpio PUB<\/td><td>Veszpr\u00e9m<\/td><\/tr><tr><td>2024-2026<\/td><td>Borh\u00e1z Pizzah\u00e1z<\/td><td>Balatonf\u00fcred<\/td><\/tr><tr><td>2023-2026<\/td><td>Veszpr\u00e9m Handball Team meccsek, Veszpr\u00e9m ONE Ar\u00e9na<\/td><td>Veszpr\u00e9m<\/td><\/tr><tr><td>2023<\/td><td>Dream&#8217;s Cafe<\/td><td>Balatonf\u00fcred<\/td><\/tr><tr><td>2022-2026<\/td><td>\u00c9gsz\u00ednk\u00e9k B\u00e1r \u00e9s specialty k\u00e1v\u00e9z\u00f3<\/td><td>Balatonf\u00fcred<\/td><\/tr><tr><td>2021-2023<\/td><td>BlisSs<\/td><td>Veszpr\u00e9m<\/td><\/tr><tr><td>2021<\/td><td>M\u00e9rce<\/td><td>Szigliget<\/td><\/tr><tr><td>2020<\/td><td>Banz\u00e1j Bisztr\u00f3<\/td><td>Veszpr\u00e9m<\/td><\/tr><tr><td>2019-2026<\/td><td>Aura Hotel<\/td><td>Balatonf\u00fcred<\/td><\/tr><tr><td>2019-2020<\/td><td>Daiquiri K\u00e1v\u00e9h\u00e1z, B\u00e1r \u00e9s Bistro<\/td><td>Veszpr\u00e9m<\/td><\/tr><tr><td>2018-2019<\/td><td>Z\u00f6ldgoly\u00f3 Tek\u00e9z\u0151<\/td><td>Szentantalfa<\/td><\/tr><tr><td>2017<\/td><td>J\u00e9gcsarnok<\/td><td>Veszpr\u00e9m<\/td><\/tr><tr><td>2017<\/td><td>Kinizsi Pub<\/td><td>Nagyv\u00e1zsony<\/td><\/tr><tr><td>2016<\/td><td>Hangya Music Pub<\/td><td>Bakonycsernye<\/td><\/tr><tr><td>1998-2026<\/td><td>De\u00e1k Ferenc \u00c1ltal\u00e1nos Iskola (ex Sz\u00e9chenyi) rendezv\u00e9nyek<\/td><td>Veszpr\u00e9m<\/td><\/tr><\/tbody><\/table><\/figure>\n\n\n\n<p><\/p>\n","protected":false},"excerpt":{"rendered":"<p>Hol voltam eddig:A teljess\u00e9g ig\u00e9nye n\u00e9lk\u00fcl. Megannyi c\u00e9ges rendezv\u00e9ny, csal\u00e1di, bar\u00e1ti \u00f6sszej\u00f6vetelek,sz\u00fclet\u00e9snapok, esk\u00fcv\u0151k. \u00c9vsz\u00e1m(ok) Klub, rendezv\u00e9ny, stb. neve Telep\u00fcl\u00e9s 2025-2026 Balatonf\u00fcred J\u00e9gp\u00e1lya Balatonf\u00fcred 2024-2026 Skorpio PUB Veszpr\u00e9m 2024-2026 Borh\u00e1z Pizzah\u00e1z Balatonf\u00fcred 2023-2026 Veszpr\u00e9m Handball Team&hellip; <\/p>\n<p><a class=\"more-link\" href=\"https:\/\/djcasso.hu\/?page_id=190\">Continue Reading Ahol rendszeresen megtal\u00e1lsz&#8230;<\/a><\/p>\n","protected":false},"author":1,"featured_media":0,"parent":0,"menu_order":0,"comment_status":"closed","ping_status":"closed","template":"","meta":{"footnotes":""},"class_list":["post-190","page","type-page","status-publish","hentry"],"_links":{"self":[{"href":"https:\/\/djcasso.hu\/index.php?rest_route=\/wp\/v2\/pages\/190","targetHints":{"allow":["GET"]}}],"collection":[{"href":"https:\/\/djcasso.hu\/index.php?rest_route=\/wp\/v2\/pages"}],"about":[{"href":"https:\/\/djcasso.hu\/index.php?rest_route=\/wp\/v2\/types\/page"}],"author":[{"embeddable":true,"href":"https:\/\/djcasso.hu\/index.php?rest_route=\/wp\/v2\/users\/1"}],"replies":[{"embeddable":true,"href":"https:\/\/djcasso.hu\/index.php?rest_route=%2Fwp%2Fv2%2Fcomments&post=190"}],"version-history":[{"count":7,"href":"https:\/\/djcasso.hu\/index.php?rest_route=\/wp\/v2\/pages\/190\/revisions"}],"predecessor-version":[{"id":203,"href":"https:\/\/djcasso.hu\/index.php?rest_route=\/wp\/v2\/pages\/190\/revisions\/203"}],"wp:attachment":[{"href":"https:\/\/djcasso.hu\/index.php?rest_route=%2Fwp%2Fv2%2Fmedia&parent=190"}],"curies":[{"name":"wp","href":"https:\/\/api.w.org\/{rel}","templated":true}]}}